{"id":266,"date":"2022-01-04T18:56:19","date_gmt":"2022-01-04T18:56:19","guid":{"rendered":"https:\/\/www.aspwaldoergeler.ch\/?page_id=266"},"modified":"2023-06-21T11:28:15","modified_gmt":"2023-06-21T11:28:15","slug":"ueber-uns","status":"publish","type":"page","link":"https:\/\/www.aspwaldoergeler.ch\/?page_id=266","title":{"rendered":"\u00dcber uns"},"content":{"rendered":"\n<figure class=\"wp-block-image size-large\"><img loading=\"lazy\" decoding=\"async\" width=\"1024\" height=\"485\" src=\"https:\/\/www.aspwaldoergeler.ch\/wp-content\/uploads\/2022\/05\/Sonja-1024x485.jpeg\" alt=\"\" class=\"wp-image-280\" srcset=\"https:\/\/www.aspwaldoergeler.ch\/wp-content\/uploads\/2022\/05\/Sonja-1024x485.jpeg 1024w, https:\/\/www.aspwaldoergeler.ch\/wp-content\/uploads\/2022\/05\/Sonja-300x142.jpeg 300w, https:\/\/www.aspwaldoergeler.ch\/wp-content\/uploads\/2022\/05\/Sonja-768x363.jpeg 768w, https:\/\/www.aspwaldoergeler.ch\/wp-content\/uploads\/2022\/05\/Sonja-1536x727.jpeg 1536w, https:\/\/www.aspwaldoergeler.ch\/wp-content\/uploads\/2022\/05\/Sonja-1600x757.jpeg 1600w, https:\/\/www.aspwaldoergeler.ch\/wp-content\/uploads\/2022\/05\/Sonja.jpeg 2016w\" sizes=\"(max-width: 1024px) 100vw, 1024px\" \/><\/figure>\n\n\n\n<p><strong>Sonja Brunner<\/strong><br>D\u00e4h\u00e4ime in Steinegg AI<br>Mitglied vom Schwyzer\u00f6rgeli-Club Jona<br>Hobbys n\u00e4bschtem \u00d6rgele: Famili\u00e4, Hund Lucky, Wandere<\/p>\n\n\n\n<figure class=\"wp-block-image size-large\"><img loading=\"lazy\" decoding=\"async\" width=\"1024\" height=\"485\" src=\"https:\/\/www.aspwaldoergeler.ch\/wp-content\/uploads\/2022\/05\/Thomas-1024x485.jpeg\" alt=\"\" class=\"wp-image-281\" srcset=\"https:\/\/www.aspwaldoergeler.ch\/wp-content\/uploads\/2022\/05\/Thomas-1024x485.jpeg 1024w, https:\/\/www.aspwaldoergeler.ch\/wp-content\/uploads\/2022\/05\/Thomas-300x142.jpeg 300w, https:\/\/www.aspwaldoergeler.ch\/wp-content\/uploads\/2022\/05\/Thomas-768x363.jpeg 768w, https:\/\/www.aspwaldoergeler.ch\/wp-content\/uploads\/2022\/05\/Thomas-1536x727.jpeg 1536w, https:\/\/www.aspwaldoergeler.ch\/wp-content\/uploads\/2022\/05\/Thomas-1600x757.jpeg 1600w, https:\/\/www.aspwaldoergeler.ch\/wp-content\/uploads\/2022\/05\/Thomas.jpeg 2016w\" sizes=\"(max-width: 1024px) 100vw, 1024px\" \/><\/figure>\n\n\n\n<p><strong>Thomas Hiestand<\/strong><br>D\u00e4h\u00e4ime in Pf\u00e4ffikon SZ<br>Mitglied vom Schwyzer\u00f6rgeli-Club Jona<br>Hobbys n\u00e4bschtem \u00d6rgele: Trychl\u00e4, Skifahre<\/p>\n\n\n\n<figure class=\"wp-block-image size-large\"><img loading=\"lazy\" decoding=\"async\" width=\"1024\" height=\"485\" src=\"https:\/\/www.aspwaldoergeler.ch\/wp-content\/uploads\/2022\/05\/Ruth-1024x485.jpeg\" alt=\"\" class=\"wp-image-279\" srcset=\"https:\/\/www.aspwaldoergeler.ch\/wp-content\/uploads\/2022\/05\/Ruth-1024x485.jpeg 1024w, https:\/\/www.aspwaldoergeler.ch\/wp-content\/uploads\/2022\/05\/Ruth-300x142.jpeg 300w, https:\/\/www.aspwaldoergeler.ch\/wp-content\/uploads\/2022\/05\/Ruth-768x363.jpeg 768w, https:\/\/www.aspwaldoergeler.ch\/wp-content\/uploads\/2022\/05\/Ruth-1536x727.jpeg 1536w, https:\/\/www.aspwaldoergeler.ch\/wp-content\/uploads\/2022\/05\/Ruth-1600x757.jpeg 1600w, https:\/\/www.aspwaldoergeler.ch\/wp-content\/uploads\/2022\/05\/Ruth.jpeg 2016w\" sizes=\"(max-width: 1024px) 100vw, 1024px\" \/><\/figure>\n\n\n\n<p><strong>Ruth Helbling<\/strong><br>D\u00e4h\u00e4ime in Wagen SG<br>Mitglied vom Schwyzer\u00f6rgeli-Club Jona<br>Hobbys n\u00e4bschtem \u00d6rgele: Famili\u00e4, Skifahre, Bike<br><\/p>\n\n\n\n<figure class=\"wp-block-image size-large\"><img loading=\"lazy\" decoding=\"async\" width=\"1024\" height=\"485\" src=\"https:\/\/www.aspwaldoergeler.ch\/wp-content\/uploads\/2022\/05\/Luzi-1024x485.jpeg\" alt=\"\" class=\"wp-image-278\" srcset=\"https:\/\/www.aspwaldoergeler.ch\/wp-content\/uploads\/2022\/05\/Luzi-1024x485.jpeg 1024w, https:\/\/www.aspwaldoergeler.ch\/wp-content\/uploads\/2022\/05\/Luzi-300x142.jpeg 300w, https:\/\/www.aspwaldoergeler.ch\/wp-content\/uploads\/2022\/05\/Luzi-768x363.jpeg 768w, https:\/\/www.aspwaldoergeler.ch\/wp-content\/uploads\/2022\/05\/Luzi-1536x727.jpeg 1536w, https:\/\/www.aspwaldoergeler.ch\/wp-content\/uploads\/2022\/05\/Luzi-1600x757.jpeg 1600w, https:\/\/www.aspwaldoergeler.ch\/wp-content\/uploads\/2022\/05\/Luzi.jpeg 2016w\" sizes=\"(max-width: 1024px) 100vw, 1024px\" \/><\/figure>\n\n\n\n<p><strong>Luzi K\u00fcttel<\/strong><br>D\u00e4h\u00e4ime in Gersau SZ<br>Hobbys n\u00e4bschtem \u00d6rgele\/Bassgiige: Skifahre, Wandere<\/p>\n","protected":false},"excerpt":{"rendered":"<p>Sonja BrunnerD\u00e4h\u00e4ime in Steinegg AIMitglied vom Schwyzer\u00f6rgeli-Club JonaHobbys n\u00e4bschtem \u00d6rgele: Famili\u00e4, Hund Lucky, Wandere Thomas HiestandD\u00e4h\u00e4ime in Pf\u00e4ffikon SZMitglied vom&hellip;<\/p>\n","protected":false},"author":1,"featured_media":0,"parent":0,"menu_order":0,"comment_status":"closed","ping_status":"closed","template":"","meta":{"footnotes":""},"class_list":["post-266","page","type-page","status-publish","hentry"],"yoast_head":"<!-- This site is optimized with the Yoast SEO plugin v25.6 - https:\/\/yoast.com\/wordpress\/plugins\/seo\/ -->\n<title>\u00dcber uns -<\/title>\n<meta name=\"robots\" content=\"index, follow, max-snippet:-1, max-image-preview:large, max-video-preview:-1\" \/>\n<link rel=\"canonical\" href=\"https:\/\/www.aspwaldoergeler.ch\/?page_id=266\" \/>\n<meta property=\"og:locale\" content=\"de_DE\" \/>\n<meta property=\"og:type\" content=\"article\" \/>\n<meta property=\"og:title\" content=\"\u00dcber uns -\" \/>\n<meta property=\"og:description\" content=\"Sonja BrunnerD\u00e4h\u00e4ime in Steinegg AIMitglied vom Schwyzer\u00f6rgeli-Club JonaHobbys n\u00e4bschtem \u00d6rgele: Famili\u00e4, Hund Lucky, Wandere Thomas HiestandD\u00e4h\u00e4ime in Pf\u00e4ffikon SZMitglied vom&hellip;\" \/>\n<meta property=\"og:url\" content=\"https:\/\/www.aspwaldoergeler.ch\/?page_id=266\" \/>\n<meta property=\"article:modified_time\" content=\"2023-06-21T11:28:15+00:00\" \/>\n<meta property=\"og:image\" content=\"https:\/\/www.aspwaldoergeler.ch\/wp-content\/uploads\/2022\/05\/Sonja-1024x485.jpeg\" \/>\n<meta name=\"twitter:card\" content=\"summary_large_image\" \/>\n<meta name=\"twitter:label1\" content=\"Gesch\u00e4tzte Lesezeit\" \/>\n\t<meta name=\"twitter:data1\" content=\"2\u00a0Minuten\" \/>\n<script type=\"application\/ld+json\" class=\"yoast-schema-graph\">{\"@context\":\"https:\/\/schema.org\",\"@graph\":[{\"@type\":\"WebPage\",\"@id\":\"https:\/\/www.aspwaldoergeler.ch\/?page_id=266\",\"url\":\"https:\/\/www.aspwaldoergeler.ch\/?page_id=266\",\"name\":\"\u00dcber uns -\",\"isPartOf\":{\"@id\":\"https:\/\/www.aspwaldoergeler.ch\/#website\"},\"primaryImageOfPage\":{\"@id\":\"https:\/\/www.aspwaldoergeler.ch\/?page_id=266#primaryimage\"},\"image\":{\"@id\":\"https:\/\/www.aspwaldoergeler.ch\/?page_id=266#primaryimage\"},\"thumbnailUrl\":\"https:\/\/www.aspwaldoergeler.ch\/wp-content\/uploads\/2022\/05\/Sonja-1024x485.jpeg\",\"datePublished\":\"2022-01-04T18:56:19+00:00\",\"dateModified\":\"2023-06-21T11:28:15+00:00\",\"breadcrumb\":{\"@id\":\"https:\/\/www.aspwaldoergeler.ch\/?page_id=266#breadcrumb\"},\"inLanguage\":\"de\",\"potentialAction\":[{\"@type\":\"ReadAction\",\"target\":[\"https:\/\/www.aspwaldoergeler.ch\/?page_id=266\"]}]},{\"@type\":\"ImageObject\",\"inLanguage\":\"de\",\"@id\":\"https:\/\/www.aspwaldoergeler.ch\/?page_id=266#primaryimage\",\"url\":\"https:\/\/www.aspwaldoergeler.ch\/wp-content\/uploads\/2022\/05\/Sonja-1024x485.jpeg\",\"contentUrl\":\"https:\/\/www.aspwaldoergeler.ch\/wp-content\/uploads\/2022\/05\/Sonja-1024x485.jpeg\"},{\"@type\":\"BreadcrumbList\",\"@id\":\"https:\/\/www.aspwaldoergeler.ch\/?page_id=266#breadcrumb\",\"itemListElement\":[{\"@type\":\"ListItem\",\"position\":1,\"name\":\"Startseite\",\"item\":\"https:\/\/www.aspwaldoergeler.ch\/\"},{\"@type\":\"ListItem\",\"position\":2,\"name\":\"\u00dcber uns\"}]},{\"@type\":\"WebSite\",\"@id\":\"https:\/\/www.aspwaldoergeler.ch\/#website\",\"url\":\"https:\/\/www.aspwaldoergeler.ch\/\",\"name\":\"\",\"description\":\"\",\"potentialAction\":[{\"@type\":\"SearchAction\",\"target\":{\"@type\":\"EntryPoint\",\"urlTemplate\":\"https:\/\/www.aspwaldoergeler.ch\/?s={search_term_string}\"},\"query-input\":{\"@type\":\"PropertyValueSpecification\",\"valueRequired\":true,\"valueName\":\"search_term_string\"}}],\"inLanguage\":\"de\"}]}<\/script>\n<!-- \/ Yoast SEO plugin. -->","yoast_head_json":{"title":"\u00dcber uns -","robots":{"index":"index","follow":"follow","max-snippet":"max-snippet:-1","max-image-preview":"max-image-preview:large","max-video-preview":"max-video-preview:-1"},"canonical":"https:\/\/www.aspwaldoergeler.ch\/?page_id=266","og_locale":"de_DE","og_type":"article","og_title":"\u00dcber uns -","og_description":"Sonja BrunnerD\u00e4h\u00e4ime in Steinegg AIMitglied vom Schwyzer\u00f6rgeli-Club JonaHobbys n\u00e4bschtem \u00d6rgele: Famili\u00e4, Hund Lucky, Wandere Thomas HiestandD\u00e4h\u00e4ime in Pf\u00e4ffikon SZMitglied vom&hellip;","og_url":"https:\/\/www.aspwaldoergeler.ch\/?page_id=266","article_modified_time":"2023-06-21T11:28:15+00:00","og_image":[{"url":"https:\/\/www.aspwaldoergeler.ch\/wp-content\/uploads\/2022\/05\/Sonja-1024x485.jpeg","type":"","width":"","height":""}],"twitter_card":"summary_large_image","twitter_misc":{"Gesch\u00e4tzte Lesezeit":"2\u00a0Minuten"},"schema":{"@context":"https:\/\/schema.org","@graph":[{"@type":"WebPage","@id":"https:\/\/www.aspwaldoergeler.ch\/?page_id=266","url":"https:\/\/www.aspwaldoergeler.ch\/?page_id=266","name":"\u00dcber uns -","isPartOf":{"@id":"https:\/\/www.aspwaldoergeler.ch\/#website"},"primaryImageOfPage":{"@id":"https:\/\/www.aspwaldoergeler.ch\/?page_id=266#primaryimage"},"image":{"@id":"https:\/\/www.aspwaldoergeler.ch\/?page_id=266#primaryimage"},"thumbnailUrl":"https:\/\/www.aspwaldoergeler.ch\/wp-content\/uploads\/2022\/05\/Sonja-1024x485.jpeg","datePublished":"2022-01-04T18:56:19+00:00","dateModified":"2023-06-21T11:28:15+00:00","breadcrumb":{"@id":"https:\/\/www.aspwaldoergeler.ch\/?page_id=266#breadcrumb"},"inLanguage":"de","potentialAction":[{"@type":"ReadAction","target":["https:\/\/www.aspwaldoergeler.ch\/?page_id=266"]}]},{"@type":"ImageObject","inLanguage":"de","@id":"https:\/\/www.aspwaldoergeler.ch\/?page_id=266#primaryimage","url":"https:\/\/www.aspwaldoergeler.ch\/wp-content\/uploads\/2022\/05\/Sonja-1024x485.jpeg","contentUrl":"https:\/\/www.aspwaldoergeler.ch\/wp-content\/uploads\/2022\/05\/Sonja-1024x485.jpeg"},{"@type":"BreadcrumbList","@id":"https:\/\/www.aspwaldoergeler.ch\/?page_id=266#breadcrumb","itemListElement":[{"@type":"ListItem","position":1,"name":"Startseite","item":"https:\/\/www.aspwaldoergeler.ch\/"},{"@type":"ListItem","position":2,"name":"\u00dcber uns"}]},{"@type":"WebSite","@id":"https:\/\/www.aspwaldoergeler.ch\/#website","url":"https:\/\/www.aspwaldoergeler.ch\/","name":"","description":"","potentialAction":[{"@type":"SearchAction","target":{"@type":"EntryPoint","urlTemplate":"https:\/\/www.aspwaldoergeler.ch\/?s={search_term_string}"},"query-input":{"@type":"PropertyValueSpecification","valueRequired":true,"valueName":"search_term_string"}}],"inLanguage":"de"}]}},"_links":{"self":[{"href":"https:\/\/www.aspwaldoergeler.ch\/index.php?rest_route=\/wp\/v2\/pages\/266"}],"collection":[{"href":"https:\/\/www.aspwaldoergeler.ch\/index.php?rest_route=\/wp\/v2\/pages"}],"about":[{"href":"https:\/\/www.aspwaldoergeler.ch\/index.php?rest_route=\/wp\/v2\/types\/page"}],"author":[{"embeddable":true,"href":"https:\/\/www.aspwaldoergeler.ch\/index.php?rest_route=\/wp\/v2\/users\/1"}],"replies":[{"embeddable":true,"href":"https:\/\/www.aspwaldoergeler.ch\/index.php?rest_route=%2Fwp%2Fv2%2Fcomments&post=266"}],"version-history":[{"count":7,"href":"https:\/\/www.aspwaldoergeler.ch\/index.php?rest_route=\/wp\/v2\/pages\/266\/revisions"}],"predecessor-version":[{"id":291,"href":"https:\/\/www.aspwaldoergeler.ch\/index.php?rest_route=\/wp\/v2\/pages\/266\/revisions\/291"}],"wp:attachment":[{"href":"https:\/\/www.aspwaldoergeler.ch\/index.php?rest_route=%2Fwp%2Fv2%2Fmedia&parent=266"}],"curies":[{"name":"wp","href":"https:\/\/api.w.org\/{rel}","templated":true}]}}