{"id":250,"date":"2021-11-06T10:09:39","date_gmt":"2021-11-06T10:09:39","guid":{"rendered":"https:\/\/www.aspwaldoergeler.ch\/?page_id=250"},"modified":"2021-11-06T10:13:14","modified_gmt":"2021-11-06T10:13:14","slug":"gaestebuch-der-aspwald-oergeler","status":"publish","type":"page","link":"https:\/\/www.aspwaldoergeler.ch\/?page_id=250","title":{"rendered":"G\u00e4stebuch"},"content":{"rendered":"<p>Hinterlasse dein Kommentar im G\u00e4stebuch<br \/>\n<div class=\"gwolle-gb\"><div class=\"gwolle-gb-messages-top-container\"><\/div>\n\t\t\t<div class=\"gwolle-gb-write-button\">\n\t\t\t\t<input type=\"button\" name=\"gwolle-gb-write-button\" class=\"button btn btn-default \" value=\"Neuen Eintrag schreiben\" aria-expanded=\"false\" \/>\n\t\t\t<\/div>\n\t\t\t<form action=\"#\" method=\"POST\" class=\"gwolle-gb-write gwolle-gb-hide gwolle-gb-float gwolle-gb-form-ajax gwolle-gb-ajax gwolle-gb-not-logged-in\">\n\t\t\t\t<h3>Einen neuen Eintrag f\u00fcr das G\u00e4stebuch schreiben<\/h3>\n\t\t\t\t<button type=\"button\" class=\"gb-notice-dismiss\">x<span class=\"screen-reader-text\">Dieses Formular ausblenden<\/span><\/button>\n\t\t\t\n\t\t\t\t<input type=\"hidden\" name=\"gwolle_gb_function\" class=\"gwolle_gb_function\" value=\"add_entry\" \/><input type=\"hidden\" name=\"gwolle_gb_book_id\" class=\"gwolle_gb_book_id\" value=\"1\" \/><div class=\"gwolle_gb_2d424122ed9850f5670d18e8d23e690e\">\n\t\t\t\t<div class=\"label\"><label for=\"gwolle_gb_2d424122ed9850f5670d18e8d23e690e-1\" class=\"text-info\">Name <span class=\"required\">*<\/span><\/label><\/div>\n\t\t\t\t<div class=\"input\"><input class=\"wp-exclude-emoji gwolle_gb_2d424122ed9850f5670d18e8d23e690e\" value=\"\" type=\"text\" id=\"gwolle_gb_2d424122ed9850f5670d18e8d23e690e-1\" name=\"gwolle_gb_2d424122ed9850f5670d18e8d23e690e\" required \/><\/div>\n\t\t\t\t<div class=\"clearBoth\">&nbsp;<\/div>\n\t\t\t<\/div><div class=\"gwolle_gb_2eb60184746ae54475cd7a5d91f9ad52\">\n\t\t\t\t\t<div class=\"label\"><label for=\"gwolle_gb_2eb60184746ae54475cd7a5d91f9ad52-1\" class=\"text-info\">Stadt<\/label><\/div>\n\t\t\t\t\t<div class=\"input\"><input class=\"wp-exclude-emoji gwolle_gb_2eb60184746ae54475cd7a5d91f9ad52\" value=\"\" type=\"text\" id=\"gwolle_gb_2eb60184746ae54475cd7a5d91f9ad52-1\" name=\"gwolle_gb_2eb60184746ae54475cd7a5d91f9ad52\" \/><\/div>\n\t\t\t\t\t<div class=\"clearBoth\">&nbsp;<\/div>\n\t\t\t\t<\/div><div class=\"gwolle_gb_5d29ee62bfdeb24f748ff431269ad65b\">\n\t\t\t\t<div class=\"label\"><label for=\"gwolle_gb_5d29ee62bfdeb24f748ff431269ad65b-1\" class=\"text-info\">E-Mail <span class=\"required\">*<\/span><\/label><\/div>\n\t\t\t\t<div class=\"input\"><input class=\"gwolle_gb_5d29ee62bfdeb24f748ff431269ad65b\" value=\"\" type=\"email\" id=\"gwolle_gb_5d29ee62bfdeb24f748ff431269ad65b-1\" name=\"gwolle_gb_5d29ee62bfdeb24f748ff431269ad65b\" required \/><\/div>\n\t\t\t\t<div class=\"clearBoth\">&nbsp;<\/div>\n\t\t\t<\/div>\n\t\t\t<div class=\"gwolle_gb_8af8b6cc910b5d4619443b38935aa0dd\" style=\"display:none;overflow:hidden;\" hidden=\"true\" aria-hidden=\"true\">\n\t\t\t\t<div class=\"label\">\n\t\t\t\t\t<label for=\"gwolle_gb_8af8b6cc910b5d4619443b38935aa0dd-1\" class=\"text-primary\">Hier nichts eingeben<\/label>\n\t\t\t\t\t<label for=\"gwolle_gb_8bda507643c3cf1bc9adeb59a51fa47a-1\" class=\"text-primary\">Hier nichts eingeben<\/label>\n\t\t\t\t<\/div>\n\t\t\t\t<div class=\"input\">\n\t\t\t\t\t<input value=\"75\" type=\"text\" id=\"gwolle_gb_8af8b6cc910b5d4619443b38935aa0dd-1\" name=\"gwolle_gb_8af8b6cc910b5d4619443b38935aa0dd\" class=\"gwolle_gb_8af8b6cc910b5d4619443b38935aa0dd\" style=\"transform: translateY(10000px);\" \/>\n\t\t\t\t\t<input value=\"\" type=\"text\" name=\"gwolle_gb_8bda507643c3cf1bc9adeb59a51fa47a\" id=\"gwolle_gb_8bda507643c3cf1bc9adeb59a51fa47a-1\" class=\"gwolle_gb_8bda507643c3cf1bc9adeb59a51fa47a\" style=\"transform: translateY(10000px);\" \/>\n\t\t\t\t<\/div>\n\t\t\t\t<div class=\"clearBoth\"><\/div>\n\t\t\t<\/div>\n\t\t\t<div class=\"gwolle_gb_6700a3759ed08115adbabbcb8aa76faf\" style=\"display:none;overflow:hidden;\" hidden=\"true\" aria-hidden=\"true\">\n\t\t\t\t<div class=\"label\">\n\t\t\t\t\t<label for=\"gwolle_gb_6700a3759ed08115adbabbcb8aa76faf-1\" class=\"text-primary\">Hier nichts eingeben<\/label>\n\t\t\t\t\t<label for=\"gwolle_gb_96c33f22ec7eae7528c8fa6b1527b2af-1\" class=\"text-primary\">Hier nichts eingeben<\/label>\n\t\t\t\t<\/div>\n\t\t\t\t<div class=\"input\">\n\t\t\t\t\t<input value=\"36629\" type=\"text\" id=\"gwolle_gb_6700a3759ed08115adbabbcb8aa76faf-1\" name=\"gwolle_gb_6700a3759ed08115adbabbcb8aa76faf\" class=\"gwolle_gb_6700a3759ed08115adbabbcb8aa76faf\" style=\"transform: translateY(10000px);\" \/>\n\t\t\t\t\t<input value=\"36629\" type=\"text\"id=\"gwolle_gb_96c33f22ec7eae7528c8fa6b1527b2af-1\" name=\"gwolle_gb_96c33f22ec7eae7528c8fa6b1527b2af\" class=\"gwolle_gb_96c33f22ec7eae7528c8fa6b1527b2af\" style=\"transform: translateY(10000px);\" \/>\n\t\t\t\t<\/div>\n\t\t\t\t<div class=\"clearBoth\"><\/div>\n\t\t\t<\/div><div class=\"gwolle_gb_content\">\n\t\t\t\t<div class=\"label\"><label for=\"gwolle_gb_content-1\" class=\"text-info\">G\u00e4stebucheintrag <span class=\"required\">*<\/span><\/label><\/div>\n\t\t\t\t<div class=\"input\"><textarea id=\"gwolle_gb_content-1\" name=\"gwolle_gb_content\" class=\"gwolle_gb_content wp-exclude-emoji\" required ><\/textarea><\/div>\n\t\t\t\t\t<div class=\"clearBoth\">&nbsp;<\/div>\n\t\t\t\t<\/div><input type=\"hidden\" class=\"gwolle_gb_e151c11041511da5ac3e439579e364f9\" id=\"gwolle_gb_e151c11041511da5ac3e439579e364f9-1\" name=\"gwolle_gb_e151c11041511da5ac3e439579e364f9\" value=\"d33deb8eff\" \/>\n\t\t\t<div class=\"gwolle-gb-messages-bottom-container\"><\/div>\n\n\t\t\t<noscript><div class=\"no-js\">Warnung: Dieses Formular kann nur verwendet werden, wenn in deinem Browser JavaScript aktiviert ist.<\/div><\/noscript>\n\n\t\t\t<div class=\"gwolle_gb_submit gwolle-gb-submit\">\n\t\t\t\t<div class=\"label gwolle-gb-invisible text-muted\">&nbsp;<\/div>\n\t\t\t\t<div class=\"input\">\n\t\t\t\t\t<input type=\"submit\" name=\"gwolle_gb_submit\" class=\"gwolle_gb_submit button btn btn-primary \" value=\"Absenden\" \/>\n\t\t\t\t\t<span class=\"gwolle_gb_submit_ajax_icon gwolle-gb-submit-ajax-icon\"><\/span>\n\t\t\t\n\t\t\t\t<\/div>\n\t\t\t\t<div class=\"clearBoth\">&nbsp;<\/div>\n\t\t\t<\/div>\n\n\t\t\t<div class=\"gwolle_gb_notice gwolle-gb-notice\">\n\t\t\t\tEs ist m\u00f6glich, dass dein Eintrag im G\u00e4stebuch erst sichtbar ist, nachdem wir ihn \u00fcberpr\u00fcft haben.\n\t\t\t<\/div><\/form><div class=\"gwolle-gb-read gwolle-gb-ajax gwolle-gb-entries-list\" data-book_id=\"1\" data-page_id=\"1\">\n\t\t<div id=\"gwolle-gb-total\" class=\"gwolle-gb-total\">4 Eintr\u00e4ge<\/div><!-- Gwolle-GB Entry: Default Template Loaded -->\n\t\t\t\t<div class=\"gb-entry gb-entry_7 gb-entry-count_1 gwolle-gb-uneven gwolle-gb-first\" id=\"gb-entry_7\" data-entry_id=\"7\">\n\t\t\t\t<article>\n\t\t\t\t\t<div class=\"gb-author-info\">\n\t\t\t\t\t\t<span class=\"gb-author-avatar\"><img referrerpolicy=\"no-referrer\" alt='Heiri Scheller' src='https:\/\/secure.gravatar.com\/avatar\/d4b960381d36f597985477548bd39f91?s=32&#038;d=mm&#038;r=g' srcset='https:\/\/secure.gravatar.com\/avatar\/d4b960381d36f597985477548bd39f91?s=64&#038;d=mm&#038;r=g 2x' class='avatar avatar-32 photo' height='32' width='32' \/><\/span>\n\t\t\t\t\t\t<span class=\"gb-author-name\">Heiri Scheller\n\t\t\t\t\t\t<\/span>\n\t\t\t\t\t\t<span class=\"gb-author-origin\">\n\t\t\t\t\t\t\t<span class=\"gb-author-origin-from-text\"> aus<\/span>\n\t\t\t\t\t\t\t<span class=\"gb-author-origin-text\"> Jona<\/span>\n\t\t\t\t\t\t<\/span>\n\t\t\t\t\t\t<span class=\"gb-datetime\">\n\t\t\t\t\t\t\t<span class=\"gb-date\"><span class=\"gb-date-wrote-text\"> schrieb am<\/span><span class=\"gb-date-text\"> 13. April 2022<\/span>\n\t\t\t\t\t\t\t<\/span><span class=\"gb-time\">\n\t\t\t\t\t\t\t\t\t<span class=\"gb-time-at-text\"> um<\/span>\n\t\t\t\t\t\t\t\t\t<span class=\"gb-time-text\"> 15:21<\/span>\n\t\t\t\t\t\t\t\t<\/span>\n\t\t\t\t\t\t<\/span> \n\t\t\t\t\t<\/div>\n\t\t\t\t\t<div class=\"gb-entry-content\">Super nur Super! Danke Euch nochmals herzlich f\u00fcr einen sehr gelungenen Abend. Da habt Ihr sehr viel dazu beigetragen. Der 80. Geburtstag meines Vaters wurde doch Eure Formation zu einem Musik-Erlebnis f\u00fcr Jung &amp; Alt. Obwohl ich bei Ruth Helbling nur f\u00fcr eine Stunde reserviert und abgemacht hatte, blieben Sie nach meiner bitte f\u00fcr den ganzen Abend mit Zugabe und allem was so dazugeh\u00f6rt (Trinkspruch \/ Witze und Geburtstagst\u00e4ndli) \u2026. Ich hoffte zuerst mein Vater macht einen Tanz mit Ehefrau\u2026. Hahaha schlussendlich wurde getanzt als g\u00e4be es kein morgen mehr. Es war sch\u00f6n meine Eltern mit dieser Freude zu sehen. War ein toller Abend. Danke nochmal und immer gerne wieder einmal.\n\t\t\t\t\t<\/div>\n\t\t\t\t\t<div class=\"gb-entry-admin_reply\">\n\t\t\t\t\t\t<div class=\"gb-admin-reply-uid\">\n\t\t\t\t\t\t\t<em>Administrator-Antwort von: admin<\/em>\n\t\t\t\t\t\t<\/div> \n\t\t\t\t\t\t<div class=\"gb-admin-reply-content\">\n\t\t\t\t\t\tLieber Heiri, herzlichen Dank f\u00fcr deinen lieben Eintrag. Auch uns Aspwald-\u00d6rgeler hat Euer Fest wirklich gefallen. Es ist nicht selbstverst\u00e4ndlich, dass bereits beim zweiten Musikst\u00fcck getanzt und gesungen wird............es hat wirklich Spass gemacht, f\u00fcr Eure Familie aufzuspielen und wenn&#039;s passt, ist es auch absolut problemlos anstelle einer vereinbarten Stunde, einen ganzen Abend zu musizieren \ud83d\ude42 Immer wieder gerne auch von uns, den Aspwald-\u00d6rgeler.\n\t\t\t\t\t\t<\/div>\n\t\t\t\t\t<\/div>\n\t\t\t\t<\/article>\n\t\t\t<\/div>\n\t\t\t<div class=\"gb-entry gb-entry_6 gb-entry-count_2 gwolle-gb-even\" id=\"gb-entry_6\" data-entry_id=\"6\">\n\t\t\t\t<article>\n\t\t\t\t\t<div class=\"gb-author-info\">\n\t\t\t\t\t\t<span class=\"gb-author-avatar\"><img referrerpolicy=\"no-referrer\" alt='Catering \u00e4netem See' src='https:\/\/secure.gravatar.com\/avatar\/dace7f19f248697a0a88b97f2b3c5f6a?s=32&#038;d=mm&#038;r=g' srcset='https:\/\/secure.gravatar.com\/avatar\/dace7f19f248697a0a88b97f2b3c5f6a?s=64&#038;d=mm&#038;r=g 2x' class='avatar avatar-32 photo' height='32' width='32' \/><\/span>\n\t\t\t\t\t\t<span class=\"gb-author-name\">Catering \u00e4netem See\n\t\t\t\t\t\t<\/span>\n\t\t\t\t\t\t<span class=\"gb-datetime\">\n\t\t\t\t\t\t\t<span class=\"gb-date\"><span class=\"gb-date-wrote-text\"> schrieb am<\/span><span class=\"gb-date-text\"> 14. November 2021<\/span>\n\t\t\t\t\t\t\t<\/span><span class=\"gb-time\">\n\t\t\t\t\t\t\t\t\t<span class=\"gb-time-at-text\"> um<\/span>\n\t\t\t\t\t\t\t\t\t<span class=\"gb-time-text\"> 15:44<\/span>\n\t\t\t\t\t\t\t\t<\/span>\n\t\t\t\t\t\t<\/span> \n\t\t\t\t\t<\/div>\n\t\t\t\t\t<div class=\"gb-entry-content\">Herzlichen Dank f\u00fcr das Engagement und den gem\u00fctlichen Abend.\r\nGerne wieder einmal \ud83d\ude42\n\t\t\t\t\t<\/div>\n\t\t\t\t<\/article>\n\t\t\t<\/div>\n\t\t\t<div class=\"gb-entry gb-entry_5 gb-entry-count_3 gwolle-gb-uneven\" id=\"gb-entry_5\" data-entry_id=\"5\">\n\t\t\t\t<article>\n\t\t\t\t\t<div class=\"gb-author-info\">\n\t\t\t\t\t\t<span class=\"gb-author-avatar\"><img referrerpolicy=\"no-referrer\" alt='Silvan' src='https:\/\/secure.gravatar.com\/avatar\/fbde97dc7203f99fbb7139e01c43a1c1?s=32&#038;d=mm&#038;r=g' srcset='https:\/\/secure.gravatar.com\/avatar\/fbde97dc7203f99fbb7139e01c43a1c1?s=64&#038;d=mm&#038;r=g 2x' class='avatar avatar-32 photo' height='32' width='32' \/><\/span>\n\t\t\t\t\t\t<span class=\"gb-author-name\">Silvan\n\t\t\t\t\t\t<\/span>\n\t\t\t\t\t\t<span class=\"gb-author-origin\">\n\t\t\t\t\t\t\t<span class=\"gb-author-origin-from-text\"> aus<\/span>\n\t\t\t\t\t\t\t<span class=\"gb-author-origin-text\"> Wagen<\/span>\n\t\t\t\t\t\t<\/span>\n\t\t\t\t\t\t<span class=\"gb-datetime\">\n\t\t\t\t\t\t\t<span class=\"gb-date\"><span class=\"gb-date-wrote-text\"> schrieb am<\/span><span class=\"gb-date-text\"> 6. November 2021<\/span>\n\t\t\t\t\t\t\t<\/span><span class=\"gb-time\">\n\t\t\t\t\t\t\t\t\t<span class=\"gb-time-at-text\"> um<\/span>\n\t\t\t\t\t\t\t\t\t<span class=\"gb-time-text\"> 10:33<\/span>\n\t\t\t\t\t\t\t\t<\/span>\n\t\t\t\t\t\t<\/span> \n\t\t\t\t\t<\/div>\n\t\t\t\t\t<div class=\"gb-entry-content\">Hallo Aspwald-\u00d6rgeler\r\nGratulation zum neuen Web-Auftritt. Super Homepage.\n\t\t\t\t\t<\/div>\n\t\t\t\t<\/article>\n\t\t\t<\/div>\n\t\t\t<div class=\"gb-entry gb-entry_1 gb-entry-count_4 gwolle-gb-even\" id=\"gb-entry_1\" data-entry_id=\"1\">\n\t\t\t\t<article>\n\t\t\t\t\t<div class=\"gb-author-info\">\n\t\t\t\t\t\t<span class=\"gb-author-avatar\"><img referrerpolicy=\"no-referrer\" alt='Jasmin' src='https:\/\/secure.gravatar.com\/avatar\/0e8551485f146efb97293868b2351b3a?s=32&#038;d=mm&#038;r=g' srcset='https:\/\/secure.gravatar.com\/avatar\/0e8551485f146efb97293868b2351b3a?s=64&#038;d=mm&#038;r=g 2x' class='avatar avatar-32 photo' height='32' width='32' \/><\/span>\n\t\t\t\t\t\t<span class=\"gb-author-name\"><i class=\"gb-moderator\">Jasmin<\/i>\n\t\t\t\t\t\t<\/span>\n\t\t\t\t\t\t<span class=\"gb-author-origin\">\n\t\t\t\t\t\t\t<span class=\"gb-author-origin-from-text\"> aus<\/span>\n\t\t\t\t\t\t\t<span class=\"gb-author-origin-text\"> Wagen<\/span>\n\t\t\t\t\t\t<\/span>\n\t\t\t\t\t\t<span class=\"gb-datetime\">\n\t\t\t\t\t\t\t<span class=\"gb-date\"><span class=\"gb-date-wrote-text\"> schrieb am<\/span><span class=\"gb-date-text\"> 6. November 2021<\/span>\n\t\t\t\t\t\t\t<\/span><span class=\"gb-time\">\n\t\t\t\t\t\t\t\t\t<span class=\"gb-time-at-text\"> um<\/span>\n\t\t\t\t\t\t\t\t\t<span class=\"gb-time-text\"> 10:14<\/span>\n\t\t\t\t\t\t\t\t<\/span>\n\t\t\t\t\t\t<\/span> \n\t\t\t\t\t<\/div>\n\t\t\t\t\t<div class=\"gb-entry-content\">die neue Homepage ist live!\n\t\t\t\t\t<\/div>\n\t\t\t\t<\/article>\n\t\t\t<\/div>\n\t\t\t<\/div><\/div><\/p>\n","protected":false},"excerpt":{"rendered":"<p>Hinterlasse dein Kommentar im G\u00e4stebuch<\/p>\n","protected":false},"author":1,"featured_media":0,"parent":0,"menu_order":0,"comment_status":"closed","ping_status":"closed","template":"","meta":{"footnotes":""},"class_list":["post-250","page","type-page","status-publish","hentry"],"yoast_head":"<!-- This site is optimized with the Yoast SEO plugin v25.6 - https:\/\/yoast.com\/wordpress\/plugins\/seo\/ -->\n<title>G\u00e4stebuch -<\/title>\n<meta name=\"robots\" content=\"index, follow, max-snippet:-1, max-image-preview:large, max-video-preview:-1\" \/>\n<link rel=\"canonical\" href=\"https:\/\/www.aspwaldoergeler.ch\/?page_id=250\" \/>\n<meta property=\"og:locale\" content=\"de_DE\" \/>\n<meta property=\"og:type\" content=\"article\" \/>\n<meta property=\"og:title\" content=\"G\u00e4stebuch -\" \/>\n<meta property=\"og:description\" content=\"Hinterlasse dein Kommentar im G\u00e4stebuch\" \/>\n<meta property=\"og:url\" content=\"https:\/\/www.aspwaldoergeler.ch\/?page_id=250\" \/>\n<meta property=\"article:modified_time\" content=\"2021-11-06T10:13:14+00:00\" \/>\n<meta name=\"twitter:card\" content=\"summary_large_image\" \/>\n<meta name=\"twitter:label1\" content=\"Gesch\u00e4tzte Lesezeit\" \/>\n\t<meta name=\"twitter:data1\" content=\"1\u00a0Minute\" \/>\n<script type=\"application\/ld+json\" class=\"yoast-schema-graph\">{\"@context\":\"https:\/\/schema.org\",\"@graph\":[{\"@type\":\"WebPage\",\"@id\":\"https:\/\/www.aspwaldoergeler.ch\/?page_id=250\",\"url\":\"https:\/\/www.aspwaldoergeler.ch\/?page_id=250\",\"name\":\"G\u00e4stebuch -\",\"isPartOf\":{\"@id\":\"https:\/\/www.aspwaldoergeler.ch\/#website\"},\"datePublished\":\"2021-11-06T10:09:39+00:00\",\"dateModified\":\"2021-11-06T10:13:14+00:00\",\"breadcrumb\":{\"@id\":\"https:\/\/www.aspwaldoergeler.ch\/?page_id=250#breadcrumb\"},\"inLanguage\":\"de\",\"potentialAction\":[{\"@type\":\"ReadAction\",\"target\":[\"https:\/\/www.aspwaldoergeler.ch\/?page_id=250\"]}]},{\"@type\":\"BreadcrumbList\",\"@id\":\"https:\/\/www.aspwaldoergeler.ch\/?page_id=250#breadcrumb\",\"itemListElement\":[{\"@type\":\"ListItem\",\"position\":1,\"name\":\"Startseite\",\"item\":\"https:\/\/www.aspwaldoergeler.ch\/\"},{\"@type\":\"ListItem\",\"position\":2,\"name\":\"G\u00e4stebuch\"}]},{\"@type\":\"WebSite\",\"@id\":\"https:\/\/www.aspwaldoergeler.ch\/#website\",\"url\":\"https:\/\/www.aspwaldoergeler.ch\/\",\"name\":\"\",\"description\":\"\",\"potentialAction\":[{\"@type\":\"SearchAction\",\"target\":{\"@type\":\"EntryPoint\",\"urlTemplate\":\"https:\/\/www.aspwaldoergeler.ch\/?s={search_term_string}\"},\"query-input\":{\"@type\":\"PropertyValueSpecification\",\"valueRequired\":true,\"valueName\":\"search_term_string\"}}],\"inLanguage\":\"de\"}]}<\/script>\n<!-- \/ Yoast SEO plugin. -->","yoast_head_json":{"title":"G\u00e4stebuch -","robots":{"index":"index","follow":"follow","max-snippet":"max-snippet:-1","max-image-preview":"max-image-preview:large","max-video-preview":"max-video-preview:-1"},"canonical":"https:\/\/www.aspwaldoergeler.ch\/?page_id=250","og_locale":"de_DE","og_type":"article","og_title":"G\u00e4stebuch -","og_description":"Hinterlasse dein Kommentar im G\u00e4stebuch","og_url":"https:\/\/www.aspwaldoergeler.ch\/?page_id=250","article_modified_time":"2021-11-06T10:13:14+00:00","twitter_card":"summary_large_image","twitter_misc":{"Gesch\u00e4tzte Lesezeit":"1\u00a0Minute"},"schema":{"@context":"https:\/\/schema.org","@graph":[{"@type":"WebPage","@id":"https:\/\/www.aspwaldoergeler.ch\/?page_id=250","url":"https:\/\/www.aspwaldoergeler.ch\/?page_id=250","name":"G\u00e4stebuch -","isPartOf":{"@id":"https:\/\/www.aspwaldoergeler.ch\/#website"},"datePublished":"2021-11-06T10:09:39+00:00","dateModified":"2021-11-06T10:13:14+00:00","breadcrumb":{"@id":"https:\/\/www.aspwaldoergeler.ch\/?page_id=250#breadcrumb"},"inLanguage":"de","potentialAction":[{"@type":"ReadAction","target":["https:\/\/www.aspwaldoergeler.ch\/?page_id=250"]}]},{"@type":"BreadcrumbList","@id":"https:\/\/www.aspwaldoergeler.ch\/?page_id=250#breadcrumb","itemListElement":[{"@type":"ListItem","position":1,"name":"Startseite","item":"https:\/\/www.aspwaldoergeler.ch\/"},{"@type":"ListItem","position":2,"name":"G\u00e4stebuch"}]},{"@type":"WebSite","@id":"https:\/\/www.aspwaldoergeler.ch\/#website","url":"https:\/\/www.aspwaldoergeler.ch\/","name":"","description":"","potentialAction":[{"@type":"SearchAction","target":{"@type":"EntryPoint","urlTemplate":"https:\/\/www.aspwaldoergeler.ch\/?s={search_term_string}"},"query-input":{"@type":"PropertyValueSpecification","valueRequired":true,"valueName":"search_term_string"}}],"inLanguage":"de"}]}},"_links":{"self":[{"href":"https:\/\/www.aspwaldoergeler.ch\/index.php?rest_route=\/wp\/v2\/pages\/250"}],"collection":[{"href":"https:\/\/www.aspwaldoergeler.ch\/index.php?rest_route=\/wp\/v2\/pages"}],"about":[{"href":"https:\/\/www.aspwaldoergeler.ch\/index.php?rest_route=\/wp\/v2\/types\/page"}],"author":[{"embeddable":true,"href":"https:\/\/www.aspwaldoergeler.ch\/index.php?rest_route=\/wp\/v2\/users\/1"}],"replies":[{"embeddable":true,"href":"https:\/\/www.aspwaldoergeler.ch\/index.php?rest_route=%2Fwp%2Fv2%2Fcomments&post=250"}],"version-history":[{"count":3,"href":"https:\/\/www.aspwaldoergeler.ch\/index.php?rest_route=\/wp\/v2\/pages\/250\/revisions"}],"predecessor-version":[{"id":254,"href":"https:\/\/www.aspwaldoergeler.ch\/index.php?rest_route=\/wp\/v2\/pages\/250\/revisions\/254"}],"wp:attachment":[{"href":"https:\/\/www.aspwaldoergeler.ch\/index.php?rest_route=%2Fwp%2Fv2%2Fmedia&parent=250"}],"curies":[{"name":"wp","href":"https:\/\/api.w.org\/{rel}","templated":true}]}}