{"id":2,"date":"2016-05-10T03:48:21","date_gmt":"2016-05-10T03:48:21","guid":{"rendered":"http:\/\/www.aspwaldoergeler.ch\/?page_id=2"},"modified":"2022-01-04T18:52:43","modified_gmt":"2022-01-04T18:52:43","slug":"wer-sind-wir","status":"publish","type":"page","link":"https:\/\/www.aspwaldoergeler.ch\/","title":{"rendered":"Willkommen bei den Aspwald-\u00d6rgeler"},"content":{"rendered":"\n<div class=\"wp-block-buttons is-layout-flex wp-block-buttons-is-layout-flex\"><\/div>\n\n\n<p style=\"text-align: left;\">Unsere Formation, die <strong>Aspwald-\u00d6rgeler<\/strong>&nbsp;entstand im Jahr 1999. Wir, Sonja Brunner und Ruth Helbling erlernten zu zweit bei Leo Beeler das Schwyzer\u00f6rgeli-Spielen. Das gemeinsame Zusammenspielen in den Musikstunden bereitete uns Beiden viel Freude, sodass wir bald nicht nur im Musikunterricht, sondern auch zuhause bei Ruth in Wagen (Rapperswil-Jona) verschiedene, geh\u00f6rf\u00e4llige und stimmungsvolle \u00d6rgeli-St\u00fccke zweistimmig ein\u00fcbten.<\/p>\n<p style=\"text-align: left;\"><br>Aufgrund des Aspwald-Tunnels, welchen Sonja immer f\u00fcr die Proben durchf\u00e4hrt, nennen wir uns die <strong>Aspwald-\u00d6rgeler<\/strong>. Dieser Tunnel verbindet Wagen mit Bubikon, dem ehemaligen Wohnort von Sonja. Nebst uns zwei \u00d6rgelispielerinnen, musizieren Luzi K\u00fcttel am Bass und Thomas Hiestand und\/oder Jasmin Helbling ebenfalls am Schwyzer-\u00d6rgeli in dieser Formation.<\/p>\n<p style=\"text-align: left;\"><br>Es ist uns wichtig, das Publikum mit geh\u00f6rf\u00e4lliger, l\u00fcpfiger als auch spritziger Musik zu unterhalten. Dabei kommen auch bekannte Musik-St\u00fccke mit Gesang nicht zu kurz. Seit unserer Gr\u00fcndung durften wir nebst Anl\u00e4ssen in der Schweiz auch \u00fcber die Landesgrenze hinaus an diversen Festen in der Tschechoslovakei, D\u00e4nemark und Spanien aufspielen.<br>Wir empfehlen uns f\u00fcr Anl\u00e4sse wie, Geburtstage, Jubil\u00e4en, Chr\u00e4nzli, 1. August-Feier, usw.<\/p>\n<p style=\"text-align: left;\">Wir freuen uns \u00fcber jeden Auftritt; wende dich doch mit dem <strong><a href=\"https:\/\/www.aspwaldoergeler.ch\/?page_id=42\">Kontakt-Formular<\/a><\/strong> an uns.<\/p>","protected":false},"excerpt":{"rendered":"<p>Unsere Formation, die Aspwald-\u00d6rgeler&nbsp;entstand im Jahr 1999. Wir, Sonja Brunner und Ruth Helbling erlernten zu zweit bei Leo Beeler das&hellip;<\/p>\n","protected":false},"author":1,"featured_media":0,"parent":0,"menu_order":0,"comment_status":"closed","ping_status":"closed","template":"","meta":{"footnotes":""},"class_list":["post-2","page","type-page","status-publish","hentry"],"yoast_head":"<!-- This site is optimized with the Yoast SEO plugin v25.6 - https:\/\/yoast.com\/wordpress\/plugins\/seo\/ -->\n<title>Willkommen bei den Aspwald-\u00d6rgeler -<\/title>\n<meta name=\"robots\" content=\"index, follow, max-snippet:-1, max-image-preview:large, max-video-preview:-1\" \/>\n<link rel=\"canonical\" href=\"https:\/\/www.aspwaldoergeler.ch\/\" \/>\n<meta property=\"og:locale\" content=\"de_DE\" \/>\n<meta property=\"og:type\" content=\"article\" \/>\n<meta property=\"og:title\" content=\"Willkommen bei den Aspwald-\u00d6rgeler -\" \/>\n<meta property=\"og:description\" content=\"Unsere Formation, die Aspwald-\u00d6rgeler&nbsp;entstand im Jahr 1999. Wir, Sonja Brunner und Ruth Helbling erlernten zu zweit bei Leo Beeler das&hellip;\" \/>\n<meta property=\"og:url\" content=\"https:\/\/www.aspwaldoergeler.ch\/\" \/>\n<meta property=\"article:modified_time\" content=\"2022-01-04T18:52:43+00:00\" \/>\n<meta name=\"twitter:card\" content=\"summary_large_image\" \/>\n<meta name=\"twitter:label1\" content=\"Gesch\u00e4tzte Lesezeit\" \/>\n\t<meta name=\"twitter:data1\" content=\"1\u00a0Minute\" \/>\n<script type=\"application\/ld+json\" class=\"yoast-schema-graph\">{\"@context\":\"https:\/\/schema.org\",\"@graph\":[{\"@type\":\"WebPage\",\"@id\":\"https:\/\/www.aspwaldoergeler.ch\/\",\"url\":\"https:\/\/www.aspwaldoergeler.ch\/\",\"name\":\"Willkommen bei den Aspwald-\u00d6rgeler -\",\"isPartOf\":{\"@id\":\"https:\/\/www.aspwaldoergeler.ch\/#website\"},\"datePublished\":\"2016-05-10T03:48:21+00:00\",\"dateModified\":\"2022-01-04T18:52:43+00:00\",\"breadcrumb\":{\"@id\":\"https:\/\/www.aspwaldoergeler.ch\/#breadcrumb\"},\"inLanguage\":\"de\",\"potentialAction\":[{\"@type\":\"ReadAction\",\"target\":[\"https:\/\/www.aspwaldoergeler.ch\/\"]}]},{\"@type\":\"BreadcrumbList\",\"@id\":\"https:\/\/www.aspwaldoergeler.ch\/#breadcrumb\",\"itemListElement\":[{\"@type\":\"ListItem\",\"position\":1,\"name\":\"Startseite\",\"item\":\"https:\/\/www.aspwaldoergeler.ch\/\"},{\"@type\":\"ListItem\",\"position\":2,\"name\":\"Willkommen bei den Aspwald-\u00d6rgeler\"}]},{\"@type\":\"WebSite\",\"@id\":\"https:\/\/www.aspwaldoergeler.ch\/#website\",\"url\":\"https:\/\/www.aspwaldoergeler.ch\/\",\"name\":\"\",\"description\":\"\",\"potentialAction\":[{\"@type\":\"SearchAction\",\"target\":{\"@type\":\"EntryPoint\",\"urlTemplate\":\"https:\/\/www.aspwaldoergeler.ch\/?s={search_term_string}\"},\"query-input\":{\"@type\":\"PropertyValueSpecification\",\"valueRequired\":true,\"valueName\":\"search_term_string\"}}],\"inLanguage\":\"de\"}]}<\/script>\n<!-- \/ Yoast SEO plugin. -->","yoast_head_json":{"title":"Willkommen bei den Aspwald-\u00d6rgeler -","robots":{"index":"index","follow":"follow","max-snippet":"max-snippet:-1","max-image-preview":"max-image-preview:large","max-video-preview":"max-video-preview:-1"},"canonical":"https:\/\/www.aspwaldoergeler.ch\/","og_locale":"de_DE","og_type":"article","og_title":"Willkommen bei den Aspwald-\u00d6rgeler -","og_description":"Unsere Formation, die Aspwald-\u00d6rgeler&nbsp;entstand im Jahr 1999. Wir, Sonja Brunner und Ruth Helbling erlernten zu zweit bei Leo Beeler das&hellip;","og_url":"https:\/\/www.aspwaldoergeler.ch\/","article_modified_time":"2022-01-04T18:52:43+00:00","twitter_card":"summary_large_image","twitter_misc":{"Gesch\u00e4tzte Lesezeit":"1\u00a0Minute"},"schema":{"@context":"https:\/\/schema.org","@graph":[{"@type":"WebPage","@id":"https:\/\/www.aspwaldoergeler.ch\/","url":"https:\/\/www.aspwaldoergeler.ch\/","name":"Willkommen bei den Aspwald-\u00d6rgeler -","isPartOf":{"@id":"https:\/\/www.aspwaldoergeler.ch\/#website"},"datePublished":"2016-05-10T03:48:21+00:00","dateModified":"2022-01-04T18:52:43+00:00","breadcrumb":{"@id":"https:\/\/www.aspwaldoergeler.ch\/#breadcrumb"},"inLanguage":"de","potentialAction":[{"@type":"ReadAction","target":["https:\/\/www.aspwaldoergeler.ch\/"]}]},{"@type":"BreadcrumbList","@id":"https:\/\/www.aspwaldoergeler.ch\/#breadcrumb","itemListElement":[{"@type":"ListItem","position":1,"name":"Startseite","item":"https:\/\/www.aspwaldoergeler.ch\/"},{"@type":"ListItem","position":2,"name":"Willkommen bei den Aspwald-\u00d6rgeler"}]},{"@type":"WebSite","@id":"https:\/\/www.aspwaldoergeler.ch\/#website","url":"https:\/\/www.aspwaldoergeler.ch\/","name":"","description":"","potentialAction":[{"@type":"SearchAction","target":{"@type":"EntryPoint","urlTemplate":"https:\/\/www.aspwaldoergeler.ch\/?s={search_term_string}"},"query-input":{"@type":"PropertyValueSpecification","valueRequired":true,"valueName":"search_term_string"}}],"inLanguage":"de"}]}},"_links":{"self":[{"href":"https:\/\/www.aspwaldoergeler.ch\/index.php?rest_route=\/wp\/v2\/pages\/2"}],"collection":[{"href":"https:\/\/www.aspwaldoergeler.ch\/index.php?rest_route=\/wp\/v2\/pages"}],"about":[{"href":"https:\/\/www.aspwaldoergeler.ch\/index.php?rest_route=\/wp\/v2\/types\/page"}],"author":[{"embeddable":true,"href":"https:\/\/www.aspwaldoergeler.ch\/index.php?rest_route=\/wp\/v2\/users\/1"}],"replies":[{"embeddable":true,"href":"https:\/\/www.aspwaldoergeler.ch\/index.php?rest_route=%2Fwp%2Fv2%2Fcomments&post=2"}],"version-history":[{"count":9,"href":"https:\/\/www.aspwaldoergeler.ch\/index.php?rest_route=\/wp\/v2\/pages\/2\/revisions"}],"predecessor-version":[{"id":265,"href":"https:\/\/www.aspwaldoergeler.ch\/index.php?rest_route=\/wp\/v2\/pages\/2\/revisions\/265"}],"wp:attachment":[{"href":"https:\/\/www.aspwaldoergeler.ch\/index.php?rest_route=%2Fwp%2Fv2%2Fmedia&parent=2"}],"curies":[{"name":"wp","href":"https:\/\/api.w.org\/{rel}","templated":true}]}}